{"id":814,"date":"2016-11-26T22:02:28","date_gmt":"2016-11-26T21:02:28","guid":{"rendered":"http:\/\/www.winf.at\/?page_id=814"},"modified":"2025-09-23T16:25:26","modified_gmt":"2025-09-23T14:25:26","slug":"start-to-study","status":"publish","type":"page","link":"https:\/\/winf.at\/en\/start-to-study\/","title":{"rendered":"Starting your Studies (Bachelor and Master)"},"content":{"rendered":"\n<p>Do you want to study Business Informatics or Data Science and have no clue what you need to do for that? Or did you just start with your studies and want to know what the next steps are? On this page we explain everything you need to do step by step to have a successful start with your studies!<\/p>\n\n\n\n<p>In any case, please have a look at the <a href=\"http:\/\/www.informatik.tuwien.ac.at\/teaching\">official curriculum of your study programme (partly in German)<\/a> you want to start! You&#8217;ll see everything around qualification profile, admission, strucutre of the programmes, transition rules etc.<\/p>\n\n\n\n<p><em>Keep in mind that some things concerning the Bachelor programme are written in German only as the programme is taught in German.<\/em><\/p>\n\n\n\n<div class=\"wp-block-group has-white-background-color has-background is-vertical is-layout-flex wp-container-core-group-is-layout-567757cd wp-block-group-is-layout-flex\" style=\"border-radius:16px;padding-top:var(--wp--preset--spacing--70);padding-right:var(--wp--preset--spacing--70);padding-bottom:var(--wp--preset--spacing--70);padding-left:var(--wp--preset--spacing--70)\"><h2 class=\"simpletoc-title\">Contents<\/h2>\n<ul class=\"simpletoc-list\">\n<li><a href=\"#bachelorstudium-wirtschaftsinformatik\">Bachelorstudium Wirtschaftsinformatik<\/a>\n\n\n<\/li>\n\n<\/li>\n\n<\/li>\n\n<\/li>\n\n\n\n<li><a href=\"#master-programme-business-informatics\">Master Programme Business Informatics<\/a>\n\n\n<\/li>\n\n\n<li><a href=\"#master-programme-data-science\">Master Programme Data Science<\/a>\n\n\n<\/li>\n\n\n<\/li>\n<\/li>\n<\/ul>\n<\/li>\n<\/ul>\n<\/li><\/ul><\/div>\n\n\n\n<div style=\"height:100px\" aria-hidden=\"true\" class=\"wp-block-spacer\"><\/div>\n\n\n\n<div class=\"wp-block-group has-white-background-color has-background is-vertical is-layout-flex wp-container-core-group-is-layout-567757cd wp-block-group-is-layout-flex\" style=\"border-radius:16px;padding-top:var(--wp--preset--spacing--70);padding-right:var(--wp--preset--spacing--70);padding-bottom:var(--wp--preset--spacing--70);padding-left:var(--wp--preset--spacing--70)\">\n<h2 id=\"bachelorstudium-wirtschaftsinformatik\" class=\"wp-block-heading\">Bachelorstudium Wirtschaftsinformatik<\/h2>\n\n\n\n<p><em>This is explained in German only as the whole programme is taught in German.<\/em><\/p>\n\n\n\n<h3 class=\"wp-block-heading\" id=\"aufnahmeverfahren\">1. Aufnahmeverfahren:<\/h3>\n\n\n\n<p>Seit dem Wintersemester 2016 gibt es f\u00fcr das&nbsp;Bachelorstudium Wirtschaftsinformatik (Kennzahl 033 526) ein Aufnahmeverfahren, das du absolvieren musst, bevor du dich inskribieren kannst. W\u00e4hrend dem Verfahren musst du<\/p>\n\n\n\n<ul class=\"wp-block-list\">\n<li>eine Bewerbung schreiben, warum du Wirtschaftsinformatik studieren m\u00f6chtest (muss nicht all zu fancy sein, davor brauchst du echt keine Angst haben \u2013 einfach ein paar Gr\u00fcnde angeben und Interesse zeigen passt schon)<\/li>\n\n\n\n<li>50\u20ac einzahlen, die du zur\u00fcckerstattet bekommen wirst<\/li>\n\n\n\n<li>am Reihungstest teilnehmen, welcher w\u00e4hrend den Sommerferien stattfindet (beachte, dass du an diesem Test auch teilnehmen musst, wenn du erst im darauffolgenden Sommersemester anfangen m\u00f6chtest).<br>Im Reihungstest werden&nbsp;Probleml\u00f6sungskompetenz und schlussfolgerndes Denken, sowie Textverst\u00e4ndnis \u00fcberpr\u00fcft.&nbsp; Es werden&nbsp;<strong>KEINE<\/strong>&nbsp;Programmier- und&nbsp;<strong>KEINE<\/strong>&nbsp;Informatikkenntnisse abgepr\u00fcft und auch&nbsp;<strong>KEINE<\/strong>&nbsp;Vorerfahrungen mit Computern oder Informatik vorausgesetzt.<\/li>\n<\/ul>\n\n\n\n<p>Weitere Infos und die Registrierung f\u00fcr das Aufnahmeverfahren gibt es&nbsp;<a href=\"http:\/\/www.informatik.tuwien.ac.at\/aufnahme\">hier<\/a>.<\/p>\n\n\n\n<h3 id=\"nbsp2-inskription\" class=\"wp-block-heading\"> 2. Inskription<\/h3>\n\n\n\n<p>Prinzipiell findest du alle Informationen zur Inskription&nbsp;auf der <a href=\"http:\/\/www.tuwien.ac.at\/dle\/studienabteilung\/drei_schritte_zur_zulassung\/\" target=\"_blank\" rel=\"noreferrer noopener\">Homepage der TU Wien<\/a>, wir haben hier aber nur die wichtigsten Punkte zusammengefasst.<\/p>\n\n\n\n<ol class=\"wp-block-list\">\n<li>Du hast das Aufnahmeverfahren absolviert.<\/li>\n\n\n\n<li>Der n\u00e4chste Schritt, ist die <a href=\"https:\/\/tiss.tuwien.ac.at\/studium\/studentenerstanmeldung\/neu\" target=\"_blank\" rel=\"noreferrer noopener\">Online-Voranmeldung<\/a>. Hier werden deine Daten erfasst, um den Inskriptionsprozess zu beschleunigen.<\/li>\n\n\n\n<li>Ist dies erledigt, musst du auf die <a href=\"http:\/\/www.tuwien.ac.at\/dle\/studienabteilung\/\" target=\"_blank\" rel=\"noreferrer noopener\">Studien- und Pr\u00fcfungsabteilung<\/a> der TU und dich inskribieren. Dazu brauchst du die Sequenznummer, die du bei der Voranmeldung erh\u00e4lst, sowie Reisepass (oder Staatsb\u00fcrgerschaftsnachweis mit amtlichem Lichtbildausweis) und dein Reifepr\u00fcfungszeugnis (oder sonstigen Nachweis zur Studienberechtigung). <strong>ACHTUNG:<\/strong>&nbsp;Inskriptionsfristen beachten!<\/li>\n\n\n\n<li>Du bekommst einen PIN-Code, mit dem du dich im <a href=\"http:\/\/tiss.tuwien.ac.at\" target=\"_blank\" rel=\"noreferrer noopener\">TISS <\/a>anmelden kannst.<\/li>\n\n\n\n<li>Nun musst du nur noch den \u00d6H-Beitrag innerhalb der Frist einzahlen.<\/li>\n<\/ol>\n\n\n\n<h3 id=\"3-prolog\" class=\"wp-block-heading\">3. Prolog<\/h3>\n\n\n\n<p>Der Prolog findet typischerweise zu Beginn des Wintersemesters zwei Wochen vor Studienanfang statt. Dabei handelt es sich um eine zweiw\u00f6chige Einf\u00fchrungsveranstaltung, bei der man sich mit wichtigen Bereichen der Informatik auseinandersetzten kann. Unter anderem werden Grundlagen in Algorithmen, Programmieren und Mathematik vermittelt und aufgefrischt.<\/p>\n\n\n\n<p>Alle Informationen zum Prolog sowie den aktuellen Flyer und Zeitpl\u00e4ne findest du&nbsp;<a href=\"http:\/\/informatik.tuwien.ac.at\/prolog\">hier<\/a>.<\/p>\n\n\n\n<p>Die Teilnahem ist zwar nicht verpflichtend und es wird auch nichts abgepr\u00fcft oder so, wir empfehlen aber dringest, den Prolog zu besuchen!<\/p>\n\n\n\n<h3 id=\"4-anmeldung-zu-den-lehrveranstaltungen\" class=\"wp-block-heading\">4. Anmeldung zu den Lehrveranstaltungen<\/h3>\n\n\n\n<p>Wenn ihr euren TISS Account eingerichtet habt, k\u00f6nnt ihr damit anfangen, eure Lehrveranstaltungen zu suchen. Dies geht am einfachsten, indem ihr auf die <a href=\"https:\/\/tiss.tuwien.ac.at\/curriculum\/public\/curriculumSemester.xhtml?le=false&amp;windowId=c3c&amp;key=45300&amp;semester=CURRENT\">Semesteransicht<\/a> (<em>Lehre\/Lehrangebot\/Studienangebot\/033 526 Bachelorstudium Wirtschaftsinformatik\/Semesteransicht)<\/em> wechselt. Achtet darauf, dass das richtige Semester (rechts oben) ausgew\u00e4hlt ist.<\/p>\n\n\n\n<p>Nun k\u00f6nnt ihr alle Lehrveranstaltungen, die ihr belegen wollt, zu den Favoriten hinzuf\u00fcgen. Es empfiehlt sich, noch vor Semesterbeginn anzusehen, wann die Anmeldungen f\u00fcr die Lehrveranstaltungen anfangen bzw. enden, damit man keine verpasst, da diese meist zu unterschiedlichen Zeitpunkten am Anfang des Semesters ge\u00f6ffnet werden. Normalerweise geschieht die Anmeldung \u00fcber den entsprechenden Reiter auf der LVA-Seite direkt im TISS. Sollte das nicht ausreichen, steht das in der Beschreibung oder wird in der Vorbesprechung zur LVA dazugesagt.<\/p>\n\n\n\n<p>Bei \u00dcbungen ist manchmal auch die Anmeldung f\u00fcr eine Gruppe notwendig. Auch hier gibt es dann einen Reiter im TISS. Da die Gruppen immer zu unterschiedlichen Zeitpunkten stattfinden, sollte man sich m\u00f6glichst fr\u00fch f\u00fcr den gew\u00fcnschten Termin anmelden, da manche sehr schnell voll werden.<\/p>\n\n\n\n<h3 id=\"5-steop-die-studieneingangs-und-orientierungsphase\" class=\"wp-block-heading\">5. STEOP \u2013 Die STudienEingangs- und OrientierungsPhase<\/h3>\n\n\n\n<p><strong>STEOP<\/strong>&nbsp;\u2013 Die STudienEingangs- und OrientierungsPhase ist dazu da, damit du herausfinden kannst, ob das von dir gew\u00e4hlte Bachelorstudium f\u00fcr dich geeignet ist. Sie ist ein Pool aus mehreren LVAs, die die Grundlage f\u00fcr h\u00f6here F\u00e4cher bieten sollen. Die STEOP muss absolviert werden, um F\u00e4cher ab dem dritten Semester abschlie\u00dfen zu k\u00f6nnen. Es ist zwar vorgesehen, die STEOP im ersten Semester abzuschlie\u00dfen, die STEOP F\u00e4cher werden aber sowohl im Winter- als auch im Sommersemester angeboten.<\/p>\n\n\n\n<p>Die <strong>STEOP f\u00fcr das Bachelorstudium Wirtschaftsinformatik<\/strong> umfasst&nbsp;<strong>16,5 ECTS<\/strong>&nbsp;und setzt sich aus folgenden F\u00e4chern zusammen:<\/p>\n\n\n\n<ol class=\"wp-block-list\">\n<li><strong>Pflichtteil&nbsp;<\/strong>(13.5 ECTS):\n<ul class=\"wp-block-list\">\n<li>VO Algebra und Diskrete Mathematik f\u00fcr Informatik und Wirtschaftsinformatik (4,0 ECTS)<\/li>\n\n\n\n<li>VU Einf\u00fchrung in die Programmierung 1 (5,5 ECTS)<\/li>\n\n\n\n<li>VO Grundlagen der Betriebs- und Unternehmensf\u00fchrung (3,0 ECTS)<\/li>\n\n\n\n<li>VU Orientierung Informatik und Wirtschaftsinformatik (1,0 ECTS)<\/li>\n<\/ul>\n<\/li>\n\n\n\n<li>Freie Wahl aus folgendem&nbsp;<strong>Pool<\/strong>&nbsp;(mind. 3,0 ECTS):\n<ul class=\"wp-block-list\">\n<li>UE Algebra und Diskrete Mathematik f\u00fcr Informatik und Wirtschaftsinformatik (5,0 ECTS)<\/li>\n\n\n\n<li>VO Analysis f\u00fcr Informatik und Wirtschaftsinformatik (2,0 ECTS)<\/li>\n\n\n\n<li>UE Analysis f\u00fcr Informatik und Wirtschaftsinformatik (4,0 ECTS)<\/li>\n\n\n\n<li>VU Denkweisen der Informatik (5,5 ECTS)<\/li>\n\n\n\n<li>VU Formale Modellierung (3,0 ECTS)<\/li>\n\n\n\n<li>VU Grundlagen der Organisation (3,0 ECTS)<\/li>\n\n\n\n<li>VU Kosten- und Leistungsrechnung (3,0 ECTS)<\/li>\n\n\n\n<li>VU Objektorientierte Modellierung (3,0 ECTS)<\/li>\n\n\n\n<li>VU Rechnungswesen (2,0 ECTS)<\/li>\n\n\n\n<li>VU Technische Grundlagen der Informatik f\u00fcr Wirtschaftsinformatik (3,0 ECTS)<\/li>\n<\/ul>\n<\/li>\n<\/ol>\n\n\n\n<h4 id=\"beachte\" class=\"wp-block-heading\">Beachte:<\/h4>\n\n\n\n<ul class=\"wp-block-list\">\n<li>Um in Mindeststudienzeit zu bleiben, ist grunds\u00e4tzlich vorausgesetzt, 30 ECTS pro Semester zu absolvieren. Das hei\u00dft, dass wenn du deine STEOP nach Plan im ersten Semester machst, du schon auch noch die restlichen 13,5 ECTS machen solltest. Wenn du dich aber einfach an die Semesterempfehlung im TISS haltest, machst du das sowieso.<\/li>\n\n\n\n<li>Um Nicht-STEOP-F\u00e4cher aus dem ersten und zweiten Semester absolvieren zu k\u00f6nnen, ist noch&nbsp;<em>keine<\/em>&nbsp;absolvierte STEOP notwendig! Diese ben\u00f6tigst du erst f\u00fcr F\u00e4cher ab dem dritten Semester.<\/li>\n<\/ul>\n\n\n\n<h3 id=\"6-nach-der-steop\" class=\"wp-block-heading\">6. Nach der STEOP<\/h3>\n\n\n\n<p>Normalerweise erkennt das TISS ob man die Voraussetzungen erf\u00fcllt, um sich f\u00fcr h\u00f6hersemestrige Lehrveranstaltungen anzumelden. Sollte das nicht der Fall sein oder es zu Problemen kommen, schreibt dem LVA-Leiter.<\/p>\n<\/div>\n\n\n\n<div style=\"height:100px\" aria-hidden=\"true\" class=\"wp-block-spacer\"><\/div>\n\n\n\n<div class=\"wp-block-group has-white-background-color has-background is-vertical is-layout-flex wp-container-core-group-is-layout-567757cd wp-block-group-is-layout-flex\" style=\"border-radius:16px;padding-top:var(--wp--preset--spacing--70);padding-right:var(--wp--preset--spacing--70);padding-bottom:var(--wp--preset--spacing--70);padding-left:var(--wp--preset--spacing--70)\">\n<h2 id=\"master-programme-business-informatics\" class=\"wp-block-heading\">Master Programme Business Informatics<\/h2>\n\n\n\n<p>You can find general information about admissions for master programmes at TU Wien if you have done your Bachelors degree or other studies in Austria&nbsp;<a href=\"https:\/\/www.tuwien.at\/studium\/zulassung\/zulassung-mit-internationaler-vorbildung\/masterstudium\/\">here<\/a>.<\/p>\n\n\n\n<h3 id=\"1-admission-without-additional-requirements\" class=\"wp-block-heading\">1. Admission without additional requirements<\/h3>\n\n\n\n<p>If you hold one of the following Bachelor degrees you can study the Master\u2019s programme Business Informatics at TU Wien<strong>&nbsp;without additional requirements<\/strong>:<\/p>\n\n\n\n<ul class=\"wp-block-list\">\n<li><em>Wirtschaftsinformatik<\/em> at TU Wien<\/li>\n\n\n\n<li><em>Wirtschaftsinformatik<\/em> at University of Vienna<\/li>\n\n\n\n<li><em>Wirtschaftsinformatik<\/em> at University of Linz<\/li>\n\n\n\n<li><em>Informationsmanagement<\/em> at University of Klagenfurt<\/li>\n<\/ul>\n\n\n\n<h3 id=\"2-admission-with-additional-requirements\" class=\"wp-block-heading\">2. Admission with additional requirements<\/h3>\n\n\n\n<p>If you studied somthing else you need to prove that you have taken courses provided in following modules of the Bachelor\u2019s programme Wirtschaftsinformatik at TU Wien with the given amount.<\/p>\n\n\n\n<ul class=\"wp-block-list\">\n<li>WIN \u2013 Wirtschaftsinformatik <em>(Business Informatics)&nbsp;<\/em>at least 24 ECTS<\/li>\n\n\n\n<li>WIW \u2013 Wirtschaftswissenschaften&nbsp;<em>(Business and Economics)<\/em>&nbsp;at least 18 ECTS<\/li>\n\n\n\n<li>INT \u2013 Informationstechnologie <em>(Information Technology)&nbsp;<\/em>at least 27 ECTS<\/li>\n\n\n\n<li>STW \u2013 Strukturwissenschaften <em>(Mathematics, Statistics, Logic)&nbsp;<\/em>at least 18 ECTS<\/li>\n<\/ul>\n\n\n\n<p>It is possible that you need to take courses as <strong>additional requirements<\/strong> with an amount of&nbsp;<strong>30 ECTS<\/strong>&nbsp;at maximum to accomplish that.<\/p>\n\n\n\n<p>Get in touch with the <a href=\"http:\/\/www.informatik.tuwien.ac.at\/contact\">Dean of Academic Affairs for Business Informatics<\/a> about that.<\/p>\n\n\n\n<h4 id=\"2a-informatik-bachelorstudium-annbspder-tu-wiennbspgerman\" class=\"wp-block-heading\">2a Informatik Bachelorstudium an der TU Wien <em>(German)<\/em><\/h4>\n\n\n\n<p>Absolvent_innen der Bachelor Studieng\u00e4nge <em>Medizinische Informatik, Software &amp; Information&nbsp;<\/em><em>Engineering <\/em>und<em> Medieninformatik und Visual Computing<\/em> an der TU Wien ben\u00f6tigen die Kenntnisse, Fertigkeiten und Kompetenzen der Module<\/p>\n\n\n\n<ul class=\"wp-block-list\">\n<li>WIW\/GBW \u2013 Grundlagen der Betriebswirtschaft<\/li>\n\n\n\n<li>WIW\/GOE \u2013 Grundlagen der \u00d6konomie<\/li>\n\n\n\n<li>WIW\/MGT \u2013 Managementwissenschaften<\/li>\n<\/ul>\n\n\n\n<p>des Bachelorstudiums Wirtschaftsinformatik im Umfang von <strong>jeweils mindestens 6 ECTS<\/strong>.<\/p>\n\n\n\n<p>Wenn du&nbsp;<em>Technische Informatik<\/em> an der TU Wien studiert hast, kannst du leider <strong>nicht<\/strong> f\u00fcr diesen Master <strong>zugelassen<\/strong> werden, da sich die Studieng\u00e4nge zu stark voneinander unterscheiden.<\/p>\n<\/div>\n\n\n\n<div style=\"height:100px\" aria-hidden=\"true\" class=\"wp-block-spacer\"><\/div>\n\n\n\n<div class=\"wp-block-group has-white-background-color has-background is-vertical is-layout-flex wp-container-core-group-is-layout-567757cd wp-block-group-is-layout-flex\" style=\"border-radius:16px;padding-top:var(--wp--preset--spacing--70);padding-right:var(--wp--preset--spacing--70);padding-bottom:var(--wp--preset--spacing--70);padding-left:var(--wp--preset--spacing--70)\">\n<h2 id=\"master-programme-data-science\" class=\"wp-block-heading\">Master Programme Data Science<\/h2>\n\n\n\n<p>You can find general information about admissions for master programmes at TU Wien if you have done your Bachelors degree or other studies in Austria&nbsp;<a href=\"https:\/\/www.tuwien.at\/studium\/zulassung\/zulassung-mit-internationaler-vorbildung\/masterstudium\/\">here<\/a>.<\/p>\n\n\n\n<h3 id=\"1-admission-without-additional-requirements\" class=\"wp-block-heading\">1. Admission without additional requirements<\/h3>\n\n\n\n<p>If you hold one of the following Bachelor degrees from TU Wien you can study the Master\u2019s programme Data Science at TU Wien<strong>&nbsp;without additional requirements<\/strong>:<\/p>\n\n\n\n<ul class=\"wp-block-list\">\n<li><em>Medieninformatik und Visual Computing<\/em><\/li>\n\n\n\n<li><em>Medizinische Informatik<\/em><\/li>\n\n\n\n<li><em>Software &amp; Information Engineering<\/em><\/li>\n\n\n\n<li><em>Wirtschaftsinformatik<\/em><\/li>\n<\/ul>\n\n\n\n<h3 id=\"2-admission-with-additional-requirements\" class=\"wp-block-heading\">2. Admission with additional requirements<\/h3>\n\n\n\n<p>If you studied somthing else you need to prove that you have significant knowledge about the content provided in following modules of the Bachelor\u2019s programme Wirtschaftsinformatik at TU Wien.<\/p>\n\n\n\n<ul class=\"wp-block-list\">\n<li>WIN\/DBS \u2013 Datenbanksysteme&nbsp;<em>(Data Base Systems)<\/em><\/li>\n\n\n\n<li>INT\/ADA \u2013 Algorithmen und Datenstrukturen&nbsp;<em>(Algorithms and Data Structures)<\/em><\/li>\n\n\n\n<li>INT\/PRO \u2013 Einf\u00fchrung in die Programmierung&nbsp;<em>(Introduction to Programming)<\/em><\/li>\n\n\n\n<li>STW\/MAT \u2013 Mathematik und Theoretische Informatik <em>(Mathematics and Theoretical Computer Science)<\/em><\/li>\n\n\n\n<li>STW\/STA \u2013 Statistik und Wahrscheinlichkeitstheorie <em>(Statistics and Probability Theory)<\/em><\/li>\n<\/ul>\n\n\n\n<p>It is possible that you need to take courses as <strong>additional requirements<\/strong> with an amount of&nbsp;<strong>30 ECTS<\/strong>&nbsp;at maximum to accomplish that.<\/p>\n\n\n\n<p>Get in touch with the <a href=\"http:\/\/www.informatik.tuwien.ac.at\/contact\">Dean of Academic Affairs for Business Informatics<\/a> about that.<\/p>\n\n\n\n<h4 id=\"2a-technische-informatik-an-der-tu-wiennbspgerman\" class=\"wp-block-heading\">2a Technische Informatik an der TU Wien <em>(German)<\/em><\/h4>\n\n\n\n<p>Absolvent_innen des Bachelorstudiums <em>Technische Informatik<\/em> an der TU Wien haben lediglich die Kenntnisse, Fertigkeiten und Kompetenzen des Moduls<\/p>\n\n\n\n<ul class=\"wp-block-list\">\n<li>WIN\/DBS \u2013 Datenbanksysteme<\/li>\n<\/ul>\n\n\n\n<p>nachzuweisen oder als Zulassungsauflage zu erwerben.<\/p>\n\n\n\n<h4 id=\"2b-technische-mathematik-an-der-tu-wien-german\" class=\"wp-block-heading\">2b Technische Mathematik an der TU Wien <em>(German)<\/em><\/h4>\n\n\n\n<p>AbsolventInnen der Bachelorstudien <em>Technische Mathematik<\/em>, <em>Statistik und Wirtschaftsmathematik<\/em>, sowie <em>Finanz- und Versicherungsmathematik<\/em> an der TU Wien haben die Kenntnisse, Fertigkeiten und Kompetenzen der Module<\/p>\n\n\n\n<ul class=\"wp-block-list\">\n<li>WIN\/DBS \u2013 Datenbanksysteme<\/li>\n\n\n\n<li>INT\/ADA \u2013 Algorithmen und Datenstrukturen<\/li>\n<\/ul>\n\n\n\n<p>nachzuweisen oder als Zulassungsauflage zu erwerben.&nbsp;<\/p>\n<\/div>\n\n\n\n<p>Do you still have questions? Take a look at our <a href=\"http:\/\/www.winf.at\/en\/faq-en\/\">FAQ<\/a> or <a href=\"http:\/\/www.winf.at\/en\/contact\/\">contact us<\/a>. We are happy to help!<\/p>\n","protected":false},"excerpt":{"rendered":"<p>Do you want to study Business Informatics or Data Science and have no clue what you need to do for that? Or did you just start with your studies and want to know what the next steps are? On this page we explain everything you need to do step by step to have a successful [&hellip;]<\/p>\n","protected":false},"author":1,"featured_media":1494,"parent":0,"menu_order":0,"comment_status":"closed","ping_status":"closed","template":"","meta":{"_acf_changed":false,"_uag_custom_page_level_css":"","footnotes":""},"class_list":["post-814","page","type-page","status-publish","has-post-thumbnail","hentry"],"acf":[],"uagb_featured_image_src":{"full":["https:\/\/winf.at\/wp-content\/uploads\/2018\/12\/voller-audimax-e1544394309495.jpg",1024,512,false],"thumbnail":["https:\/\/winf.at\/wp-content\/uploads\/2018\/12\/voller-audimax-e1544394309495-150x150.jpg",150,150,true],"medium":["https:\/\/winf.at\/wp-content\/uploads\/2018\/12\/voller-audimax-e1544394309495-300x150.jpg",300,150,true],"medium_large":["https:\/\/winf.at\/wp-content\/uploads\/2018\/12\/voller-audimax-e1544394309495-768x384.jpg",768,384,true],"large":["https:\/\/winf.at\/wp-content\/uploads\/2018\/12\/voller-audimax-e1544394309495.jpg",1024,512,false],"1536x1536":["https:\/\/winf.at\/wp-content\/uploads\/2018\/12\/voller-audimax-e1544394309495.jpg",1024,512,false],"2048x2048":["https:\/\/winf.at\/wp-content\/uploads\/2018\/12\/voller-audimax-e1544394309495.jpg",1024,512,false]},"uagb_author_info":{"display_name":"admin","author_link":"#"},"uagb_comment_info":0,"uagb_excerpt":"Do you want to study Business Informatics or Data Science and have no clue what you need to do for that? Or did you just start with your studies and want to know what the next steps are? On this page we explain everything you need to do step by step to have a successful&hellip;","_links":{"self":[{"href":"https:\/\/winf.at\/en\/wp-json\/wp\/v2\/pages\/814","targetHints":{"allow":["GET"]}}],"collection":[{"href":"https:\/\/winf.at\/en\/wp-json\/wp\/v2\/pages"}],"about":[{"href":"https:\/\/winf.at\/en\/wp-json\/wp\/v2\/types\/page"}],"author":[{"embeddable":true,"href":"https:\/\/winf.at\/en\/wp-json\/wp\/v2\/users\/1"}],"replies":[{"embeddable":true,"href":"https:\/\/winf.at\/en\/wp-json\/wp\/v2\/comments?post=814"}],"version-history":[{"count":28,"href":"https:\/\/winf.at\/en\/wp-json\/wp\/v2\/pages\/814\/revisions"}],"predecessor-version":[{"id":5280,"href":"https:\/\/winf.at\/en\/wp-json\/wp\/v2\/pages\/814\/revisions\/5280"}],"wp:featuredmedia":[{"embeddable":true,"href":"https:\/\/winf.at\/en\/wp-json\/wp\/v2\/media\/1494"}],"wp:attachment":[{"href":"https:\/\/winf.at\/en\/wp-json\/wp\/v2\/media?parent=814"}],"curies":[{"name":"wp","href":"https:\/\/api.w.org\/{rel}","templated":true}]}}