{"id":984,"date":"2018-11-24T21:25:03","date_gmt":"2018-11-24T20:25:03","guid":{"rendered":"http:\/\/www.winf.at\/?page_id=984"},"modified":"2025-05-18T21:41:04","modified_gmt":"2025-05-18T19:41:04","slug":"curricula","status":"publish","type":"page","link":"https:\/\/winf.at\/en\/curricula\/","title":{"rendered":"Curricula"},"content":{"rendered":"\n<p>Here you can see simple overviews of the current curricula of Business Informatics and Data Science. The courses are available in TISS.<\/p>\n\n\n\n<p>Current official and past curricula, as well as transistion rules can be found on the<a title=\"Fakult\u00e4tshomepage\" href=\"http:\/\/www.informatik.tuwien.ac.at\/teaching\">\u00a0homepage of the faculty<\/a>\u00a0(partly in German).<\/p>\n\n\n\n<div style=\"height:100px\" aria-hidden=\"true\" class=\"wp-block-spacer\"><\/div>\n\n\n\n<div class=\"wp-block-group has-white-background-color has-background is-vertical is-layout-flex wp-container-core-group-is-layout-567757cd wp-block-group-is-layout-flex\" style=\"border-radius:16px;padding-top:var(--wp--preset--spacing--70);padding-right:var(--wp--preset--spacing--70);padding-bottom:var(--wp--preset--spacing--70);padding-left:var(--wp--preset--spacing--70)\"><h2 class=\"simpletoc-title\">Contents<\/h2>\n<ul class=\"simpletoc-list\">\n<li><a href=\"#bachelor-wirtschaftsinformatik\">Bachelor Wirtschaftsinformatik<\/a>\n\n<\/li>\n<li><a href=\"#master-business-informatics\">Master Business Informatics<\/a>\n\n<\/li>\n<li><a href=\"#master-data-science\">Master Data Science<\/a>\n<\/li><\/ul><\/div>\n\n\n\n<div style=\"height:100px\" aria-hidden=\"true\" class=\"wp-block-spacer\"><\/div>\n\n\n\n<div class=\"wp-block-group has-white-background-color has-background is-vertical is-layout-flex wp-container-core-group-is-layout-567757cd wp-block-group-is-layout-flex\" style=\"border-radius:16px;padding-top:var(--wp--preset--spacing--70);padding-right:var(--wp--preset--spacing--70);padding-bottom:var(--wp--preset--spacing--70);padding-left:var(--wp--preset--spacing--70)\">\n<h2 id=\"bachelor-wirtschaftsinformatik\" class=\"wp-block-heading\">Bachelor Wirtschaftsinformatik<\/h2>\n\n\n\n<p>This study programme is taught in German. Therefore the Curricula is written in German as well.<\/p>\n\n\n\n<p>Das folgende Bild, zeigt eine \u00dcbersicht \u00fcber den Studienplan sowie die empfohlene Semestereinteilung.&nbsp;Die entsprechenden F\u00e4cher k\u00f6nnen im TISS unter <em>Studienangebot \u2013 <a href=\"https:\/\/tiss.tuwien.ac.at\/curriculum\/public\/curriculum.xhtml?windowId=8a3&amp;key=45300\" target=\"_blank\" rel=\"noreferrer noopener\">Bachelorstudium Wirtschaftsinformatik<\/a><\/em> gefunden werden. Wenn man auf <a href=\"https:\/\/tiss.tuwien.ac.at\/curriculum\/public\/curriculumSemester.xhtml?le=false&amp;windowId=194&amp;key=45300&amp;semester=CURRENT\" target=\"_blank\" rel=\"noreferrer noopener\">Semesteransicht<\/a> geht, erh\u00e4lt man eine Einteilung der Pflichtf\u00e4cher nach dem \u00dcbersichtsbild.<\/p>\n\n\n<div class=\"wp-block-image\">\n<figure class=\"aligncenter\"><a href=\"http:\/\/www.winf.at\/wp-content\/uploads\/2016\/11\/Bac_Studienplan_2017.png\"><img loading=\"lazy\" decoding=\"async\" width=\"2081\" height=\"1389\" src=\"http:\/\/www.winf.at\/wp-content\/uploads\/2016\/11\/Bac_Studienplan_2017.png\" alt=\"\" class=\"wp-image-398\" srcset=\"https:\/\/winf.at\/wp-content\/uploads\/2016\/11\/Bac_Studienplan_2017.png 2081w, https:\/\/winf.at\/wp-content\/uploads\/2016\/11\/Bac_Studienplan_2017-300x200.png 300w, https:\/\/winf.at\/wp-content\/uploads\/2016\/11\/Bac_Studienplan_2017-1024x683.png 1024w, https:\/\/winf.at\/wp-content\/uploads\/2016\/11\/Bac_Studienplan_2017-768x513.png 768w, https:\/\/winf.at\/wp-content\/uploads\/2016\/11\/Bac_Studienplan_2017-1536x1025.png 1536w, https:\/\/winf.at\/wp-content\/uploads\/2016\/11\/Bac_Studienplan_2017-2048x1367.png 2048w, https:\/\/winf.at\/wp-content\/uploads\/2016\/11\/Bac_Studienplan_2017-120x80.png 120w, https:\/\/winf.at\/wp-content\/uploads\/2016\/11\/Bac_Studienplan_2017-480x320.png 480w\" sizes=\"auto, (max-width: 2081px) 100vw, 2081px\" \/><\/a><\/figure>\n<\/div><\/div>\n\n\n\n<div style=\"height:100px\" aria-hidden=\"true\" class=\"wp-block-spacer\"><\/div>\n\n\n\n<div class=\"wp-block-group has-white-background-color has-background is-vertical is-layout-flex wp-container-core-group-is-layout-567757cd wp-block-group-is-layout-flex\" style=\"border-radius:16px;padding-top:var(--wp--preset--spacing--70);padding-right:var(--wp--preset--spacing--70);padding-bottom:var(--wp--preset--spacing--70);padding-left:var(--wp--preset--spacing--70)\">\n<h2 id=\"master-business-informatics\" class=\"wp-block-heading\">Master Business Informatics<\/h2>\n\n\n\n<p>The following image shows the general structure of the master programme.&nbsp;You can find the courses in TISS if you go to&nbsp;<em>Academic programs \u2013 <a href=\"https:\/\/tiss.tuwien.ac.at\/curriculum\/public\/curriculum.xhtml?windowId=8a3&amp;key=55088\">Master program Business Informatics<\/a>.<\/em>&nbsp;If you click on <a href=\"https:\/\/tiss.tuwien.ac.at\/curriculum\/public\/curriculumSemester.xhtml?dswid=9727&amp;dsrid=637&amp;semesterCode=2018W&amp;le=false&amp;semester=YEAR&amp;key=55088\">\u201cShow by semester\u201d<\/a>&nbsp;you will get an arrangement like this overview.<\/p>\n\n\n\n<figure class=\"wp-block-image\"><img loading=\"lazy\" decoding=\"async\" width=\"1403\" height=\"791\" src=\"https:\/\/staging.winf.at\/wp-content\/uploads\/2018\/02\/winf-new.png\" alt=\"\" class=\"wp-image-500\" srcset=\"https:\/\/winf.at\/wp-content\/uploads\/2018\/02\/winf-new.png 1403w, https:\/\/winf.at\/wp-content\/uploads\/2018\/02\/winf-new-300x169.png 300w, https:\/\/winf.at\/wp-content\/uploads\/2018\/02\/winf-new-1024x577.png 1024w, https:\/\/winf.at\/wp-content\/uploads\/2018\/02\/winf-new-768x433.png 768w\" sizes=\"auto, (max-width: 1403px) 100vw, 1403px\" \/><\/figure>\n<\/div>\n\n\n\n<div style=\"height:100px\" aria-hidden=\"true\" class=\"wp-block-spacer\"><\/div>\n\n\n\n<div class=\"wp-block-group has-white-background-color has-background is-vertical is-layout-flex wp-container-core-group-is-layout-567757cd wp-block-group-is-layout-flex\" style=\"border-radius:16px;padding-top:var(--wp--preset--spacing--70);padding-right:var(--wp--preset--spacing--70);padding-bottom:var(--wp--preset--spacing--70);padding-left:var(--wp--preset--spacing--70)\">\n<h2 id=\"master-data-science\" class=\"wp-block-heading\">Master Data Science<\/h2>\n\n\n\n<p>The following image shows the general structure of the master programme.&nbsp;You can find the courses in TISS if you go to&nbsp;<em>Academic programs \u2013 <a href=\"https:\/\/tiss.tuwien.ac.at\/curriculum\/public\/curriculum.xhtml?dswid=2162&amp;dsrid=875&amp;key=67853\">Master programme Data Science<\/a><\/em>. If you click on <a href=\"https:\/\/tiss.tuwien.ac.at\/curriculum\/public\/curriculumSemester.xhtml?dswid=2162&amp;dsrid=557&amp;semesterCode=2018W&amp;le=false&amp;semester=YEAR&amp;key=67853\">\u201cShow by semester\u201d<\/a>&nbsp;you will get an arrangement like this overview.<\/p>\n\n\n\n<figure class=\"wp-block-image size-large\"><img loading=\"lazy\" decoding=\"async\" width=\"1024\" height=\"632\" src=\"https:\/\/winf.at\/wp-content\/uploads\/2019\/10\/DataScienceCurriculum-1024x632.png\" alt=\"\" class=\"wp-image-2546\" srcset=\"https:\/\/winf.at\/wp-content\/uploads\/2019\/10\/DataScienceCurriculum-1024x632.png 1024w, https:\/\/winf.at\/wp-content\/uploads\/2019\/10\/DataScienceCurriculum-300x185.png 300w, https:\/\/winf.at\/wp-content\/uploads\/2019\/10\/DataScienceCurriculum-768x474.png 768w, https:\/\/winf.at\/wp-content\/uploads\/2019\/10\/DataScienceCurriculum.png 1476w\" sizes=\"auto, (max-width: 1024px) 100vw, 1024px\" \/><\/figure>\n<\/div>\n","protected":false},"excerpt":{"rendered":"<p>Here you can see simple overviews of the current curricula of Business Informatics and Data Science. The courses are available in TISS. Current official and past curricula, as well as transistion rules can be found on the\u00a0homepage of the faculty\u00a0(partly in German). Bachelor Wirtschaftsinformatik This study programme is taught in German. Therefore the Curricula is [&hellip;]<\/p>\n","protected":false},"author":1,"featured_media":1590,"parent":0,"menu_order":0,"comment_status":"closed","ping_status":"closed","template":"","meta":{"_acf_changed":false,"_uag_custom_page_level_css":"","footnotes":""},"class_list":["post-984","page","type-page","status-publish","has-post-thumbnail","hentry"],"acf":[],"uagb_featured_image_src":{"full":["https:\/\/winf.at\/wp-content\/uploads\/2018\/12\/books-library-students-12064-scaled.jpg",2560,971,false],"thumbnail":["https:\/\/winf.at\/wp-content\/uploads\/2018\/12\/books-library-students-12064-150x150.jpg",150,150,true],"medium":["https:\/\/winf.at\/wp-content\/uploads\/2018\/12\/books-library-students-12064-300x114.jpg",300,114,true],"medium_large":["https:\/\/winf.at\/wp-content\/uploads\/2018\/12\/books-library-students-12064-768x291.jpg",768,291,true],"large":["https:\/\/winf.at\/wp-content\/uploads\/2018\/12\/books-library-students-12064-1024x389.jpg",1024,389,true],"1536x1536":["https:\/\/winf.at\/wp-content\/uploads\/2018\/12\/books-library-students-12064-1536x583.jpg",1536,583,true],"2048x2048":["https:\/\/winf.at\/wp-content\/uploads\/2018\/12\/books-library-students-12064-2048x777.jpg",2048,777,true]},"uagb_author_info":{"display_name":"admin","author_link":"#"},"uagb_comment_info":0,"uagb_excerpt":"Here you can see simple overviews of the current curricula of Business Informatics and Data Science. The courses are available in TISS. Current official and past curricula, as well as transistion rules can be found on the\u00a0homepage of the faculty\u00a0(partly in German). Bachelor Wirtschaftsinformatik This study programme is taught in German. Therefore the Curricula is&hellip;","_links":{"self":[{"href":"https:\/\/winf.at\/en\/wp-json\/wp\/v2\/pages\/984","targetHints":{"allow":["GET"]}}],"collection":[{"href":"https:\/\/winf.at\/en\/wp-json\/wp\/v2\/pages"}],"about":[{"href":"https:\/\/winf.at\/en\/wp-json\/wp\/v2\/types\/page"}],"author":[{"embeddable":true,"href":"https:\/\/winf.at\/en\/wp-json\/wp\/v2\/users\/1"}],"replies":[{"embeddable":true,"href":"https:\/\/winf.at\/en\/wp-json\/wp\/v2\/comments?post=984"}],"version-history":[{"count":10,"href":"https:\/\/winf.at\/en\/wp-json\/wp\/v2\/pages\/984\/revisions"}],"predecessor-version":[{"id":4567,"href":"https:\/\/winf.at\/en\/wp-json\/wp\/v2\/pages\/984\/revisions\/4567"}],"wp:featuredmedia":[{"embeddable":true,"href":"https:\/\/winf.at\/en\/wp-json\/wp\/v2\/media\/1590"}],"wp:attachment":[{"href":"https:\/\/winf.at\/en\/wp-json\/wp\/v2\/media?parent=984"}],"curies":[{"name":"wp","href":"https:\/\/api.w.org\/{rel}","templated":true}]}}